{"id":7467,"date":"2023-06-23T18:00:42","date_gmt":"2023-06-23T18:00:42","guid":{"rendered":"https:\/\/projectar.net.ar\/cefede\/?post_type=product&#038;p=7467"},"modified":"2025-08-14T02:23:37","modified_gmt":"2025-08-14T02:23:37","slug":"full-training-excel","status":"publish","type":"product","link":"https:\/\/projectar.net.ar\/cefede\/curso\/full-training-excel\/","title":{"rendered":"FULL Training + EXCEL"},"content":{"rendered":"<p>[vc_row full_width=\u00bbstretch_row\u00bb css=\u00bb.vc_custom_1624661173579{padding-top: 8vh !important;padding-bottom: 4vh !important;background-image: url(https:\/\/projectar.net.ar\/cefede\/wp-content\/uploads\/2021\/06\/bg.jpg?id=7643) !important;}\u00bb mobile_bg_img_hidden=\u00bbno\u00bb tablet_bg_img_hidden=\u00bbno\u00bb woodmart_parallax=\u00bb0&#8243; woodmart_gradient_switch=\u00bbno\u00bb row_reverse_mobile=\u00bb0&#8243; row_reverse_tablet=\u00bb0&#8243; woodmart_disable_overflow=\u00bb0&#8243;][vc_column]\t\t\n\t\t<div id=\"wd-689d47b5a2808\" class=\"title-wrapper wd-wpb set-mb-s reset-last-child  wd-title-color-white wd-title-style-default wd-width-100 text-left vc_custom_1755138048000\">\n\t\t\t\t\t\t\t<div class=\"title-subtitle  subtitle-color-white font-default subtitle-style-background wd-font-weight-600 wd-fontsize-xs\">PRIMAVERA 2025.<\/div>\n\t\t\t\n\t\t\t<div class=\"liner-continer\">\n\t\t\t\t<h4 class=\"woodmart-title-container title  wd-font-weight- wd-fontsize-xxl\" >\u00a1Bienvenidos a nuestro FULL Training! + Sist. ONVIO Thomson Reuters (Bejerman) y Excel.<\/h4>\n\t\t\t\t\t\t\t<\/div>\n\t\t\t\n\t\t\t\n\t\t\t\t\t<\/div>\n\t\t\n\t\t[vc_empty_space woodmart_hide_large=\u00bb0&#8243; woodmart_hide_medium=\u00bb0&#8243; woodmart_hide_small=\u00bb0&#8243; woodmart_hide_extra_small=\u00bb0&#8243;]\t\t\n\t\t<div id=\"wd-60d63d5585371\" class=\"title-wrapper wd-wpb set-mb-s reset-last-child  wd-title-color-default wd-title-style-underlined wd-width-100 text-left \">\n\t\t\t\n\t\t\t<div class=\"liner-continer\">\n\t\t\t\t<h4 class=\"woodmart-title-container title  wd-font-weight- wd-fontsize-l\" >Informaci\u00f3n General<\/h4>\n\t\t\t\t\t\t\t<\/div>\n\t\t\t\n\t\t\t\n\t\t\t\t\t<\/div>\n\t\t\n\t\t[vc_tta_accordion active_section=\u00bb\u00bb collapsible_all=\u00bbtrue\u00bb][vc_tta_section i_icon_fontawesome=\u00bbfas fa-user-graduate\u00bb add_icon=\u00bbtrue\u00bb title=\u00bbObjetivos\u00bb tab_id=\u00bb1624638783125-390cd783-e4c3&#8243;][vc_column_text woodmart_inline=\u00bbno\u00bb text_larger=\u00bbno\u00bb]Como su nombre lo indica \u201cTraining\u201d, pretende entrenar a estudiantes y profesionales para que est\u00e9n listos para salir al campo, y lograr reducir esa brecha entre los conocimientos obtenidos en los estudios realizados en las instituciones acad\u00e9micas con la pr\u00e1ctica del d\u00eda a d\u00eda con la que nos encontramos en un Estudio Contable o Empresa Pyme.<\/p>\n<p>Para que luego de ese entrenamiento el participante consiga obtener un empleo relacionado con lo que estudia, mejore la situaci\u00f3n en su actual trabajo o comience a desarrollar sus primeras herramientas como profesional independiente.[\/vc_column_text][\/vc_tta_section][vc_tta_section i_icon_fontawesome=\u00bbfas fa-user-friends\u00bb add_icon=\u00bbtrue\u00bb title=\u00bbDestinatarios\u00bb tab_id=\u00bb1624638783141-6fd42395-601c\u00bb][vc_column_text woodmart_inline=\u00bbno\u00bb text_larger=\u00bbno\u00bb]<strong>Estudiantes <\/strong>iniciales, intermedios, avanzados o <strong>j\u00f3venes graduados <\/strong>de carreras Universitarias, Terciarias o Tecnicaturas, relacionadas con Ciencias Econ\u00f3micas que busquen complementar sus conocimientos te\u00f3rico-t\u00e9cnicos con la <strong>pr\u00e1ctica profesional<\/strong>, como tambi\u00e9n actuales o potenciales empleados administrativos de <strong>empresas pymes o estudios contables <\/strong>que tienen o pretenden tener la posibilidad de trabajar, pero necesitan profundizar los aspectos conceptuales.[\/vc_column_text][\/vc_tta_section][vc_tta_section i_icon_fontawesome=\u00bbfar fa-clock\u00bb add_icon=\u00bbtrue\u00bb title=\u00bbCarga horaria y m\u00f3dulos\u00bb tab_id=\u00bb1624638868870-c8cf7bdd-cf48&#8243;][vc_column_text woodmart_inline=\u00bbno\u00bb text_larger=\u00bbno\u00bb]El programa completo tiene una carga total de 75 horas, distribuidos entre 4 M\u00f3dulos tem\u00e1ticos <strong><em>(ADMINISTRATIVO EMPRESA, EJECUTIVO ESTUDIO, LIQUIDACION DE SUELDOS y SISTEMAS Y EXCEL) <\/em><\/strong>de 20hs cada uno y Excel con 15hs, con t\u00e9cnica y aplicaci\u00f3n pr\u00e1ctica <strong>VERSI\u00d3N EDUCATIVA DE LA PLATAFORMA ONLINE de ONVIO <\/strong>\u00a0y la utilizaci\u00f3n de otras aplicaciones y herramientas.<\/p>\n<p>La modalidad es 2h ON LINE EN VIVO, interactuando con el docente y tus compa\u00f1eros, mas unas 2 o 3 hs de grabaciones, dependiendo del m\u00f3dulo, para que accedas desde tu casa o el trabajo, en el momento que lo desees, mas las pr\u00e1cticas que realizaras en SISTEMAS ONVIO.[\/vc_column_text][\/vc_tta_section][vc_tta_section i_icon_fontawesome=\u00bbfas fa-info-circle\u00bb add_icon=\u00bbtrue\u00bb title=\u00bbConsideraciones Generales\u00bb tab_id=\u00bb1624639099177-1db856ba-90f0&#8243;][vc_column_text woodmart_inline=\u00bbno\u00bb text_larger=\u00bbno\u00bb]<strong>&#8211; D\u00edas y Horarios <\/strong><\/p>\n<p>S\u00e1bados de 3h ON LINE EN VIVO, interactuando con el docente y tus compa\u00f1eros, mas las pr\u00e1cticas que realizaras en SISTEMAS ONVIO . Ver duraci\u00f3n y fechas en la informaci\u00f3n de cada uno de los m\u00f3dulos que conforman el Programa Full.<\/p>\n<p><strong>&#8211; Fechas <\/strong><\/p>\n<p>La duraci\u00f3n del Programa completo es de 3 meses, aunque el mismo se conforma de 4 m\u00f3dulos mensuales que son independientes uno del otro, aunque se recomienda tener el <strong>M\u00f3dulo I <\/strong>para hacer el <strong>II<\/strong>.<\/p>\n<ul>\n<li>M\u00f3dulo I \u2013 <u>Administrativo en Organizaciones<\/u>: (4 clases, ver info. del m\u00f3dulo)<\/li>\n<li>M\u00f3dulo II \u2013 <u>Ejecutivo Estudio<\/u>: (4 clases, ver info. del m\u00f3dulo)<\/li>\n<li>M\u00f3dulo III \u2013 <u>Liquidaci\u00f3n de Sueldos<\/u>: (4 clases, ver info. del m\u00f3dulo)<\/li>\n<li>M\u00f3dulo IV \u2013 <u>Taller de Excel<\/u>: (3 clases, ver info. del m\u00f3dulo)<\/li>\n<\/ul>\n<p>[\/vc_column_text][\/vc_tta_section][vc_tta_section i_icon_fontawesome=\u00bbfas fa-certificate\u00bb add_icon=\u00bbtrue\u00bb title=\u00bbAsistencia M\u00ednima y Certificaci\u00f3n\u00bb tab_id=\u00bb1624639163741-3858c5ce-28b9&#8243;][vc_column_text woodmart_inline=\u00bbno\u00bb text_larger=\u00bbno\u00bb]Se extender\u00e1 un diploma certificado a quienes cumplan con los objetivos planteados en funci\u00f3n a la asistencia y desempe\u00f1o, siendo la asistencia m\u00ednima de un 75% por cada m\u00f3dulo.[\/vc_column_text][\/vc_tta_section][vc_tta_section i_icon_fontawesome=\u00bbfas fa-laptop\u00bb add_icon=\u00bbtrue\u00bb title=\u00bbModalidad Virtual\u00bb tab_id=\u00bb1624639191055-9ad3bc4d-bee9&#8243;][vc_column_text woodmart_inline=\u00bbno\u00bb text_larger=\u00bbno\u00bb]Entorno Virtual de Capacitaci\u00f3n del CEFEDE, Projectar, que incluye aula virtual de MEET, Classroom para compartir material, Versi\u00f3n educativa Sistema Bejerman para practicar desde tu casa, y grabaci\u00f3n de la parte t\u00e9cnica, por si te pierdes alguna de las clases.[\/vc_column_text][\/vc_tta_section][vc_tta_section i_icon_fontawesome=\u00bbfar fa-clipboard\u00bb add_icon=\u00bbtrue\u00bb title=\u00bbInscripci\u00f3n y Pago\u00bb tab_id=\u00bb1624639232608-8d5bad1d-ac3f\u00bb][vc_column_text woodmart_inline=\u00bbno\u00bb text_larger=\u00bbno\u00bb]El programa tiene un costo de <strong>$39900 <\/strong>por el programa completo que conforman los cuatro m\u00f3dulos mencionados. Considerando un importante descuento respecto de realizar cada uno de los m\u00f3dulos por separado.<\/p>\n<p>Inscribite mediante la tienda virtual del <strong>CEFEDE<\/strong> <a href=\"https:\/\/projectar.net.ar\/cefede\/\">https:\/\/projectar.net.ar\/cefede\/<\/a><\/p>\n<p>Podr\u00e1s pagarlo con Mercado Pago en cuotas (*), efectivo en lugares de pago o transferencia en un pago.<\/p>\n<p><span style=\"color: #003366;\">(*) cuotas y promociones ofrecidas por Mercado Pago.<\/span>[\/vc_column_text][\/vc_tta_section][\/vc_tta_accordion][vc_empty_space woodmart_hide_large=\u00bb0&#8243; woodmart_hide_medium=\u00bb0&#8243; woodmart_hide_small=\u00bb0&#8243; woodmart_hide_extra_small=\u00bb0&#8243;]\t\t\n\t\t<div id=\"wd-60d63bbd854e6\" class=\"title-wrapper wd-wpb set-mb-s reset-last-child  wd-title-color-default wd-title-style-underlined wd-width-100 text-left \">\n\t\t\t\n\t\t\t<div class=\"liner-continer\">\n\t\t\t\t<h4 class=\"woodmart-title-container title  wd-font-weight- wd-fontsize-l\" >M\u00f3dulos y Contenidos<\/h4>\n\t\t\t\t\t\t\t<\/div>\n\t\t\t\n\t\t\t\t\t\t\t<div class=\"title-after_title  set-cont-mb-s reset-last-child  wd-fontsize-xs\">Si bien se enuncian los temas a abordar en cada reuni\u00f3n, podr\u00e1s acceder al material detallado, fechas y dem\u00e1s informaci\u00f3n, en cada uno de los m\u00f3dulos.<\/div>\n\t\t\t\n\t\t\t\t\t<\/div>\n\t\t\n\t\t[vc_tta_accordion active_section=\u00bb\u00bb collapsible_all=\u00bbtrue\u00bb][vc_tta_section i_icon_fontawesome=\u00bbfas fa-book-open\u00bb add_icon=\u00bbtrue\u00bb title=\u00bbM\u00f3dulo 1: ADMINISTRATIVO EMPRESA\u00bb tab_id=\u00bb1624652697150-c0d1f91c-8f4c\u00bb][vc_column_text woodmart_inline=\u00bbno\u00bb text_larger=\u00bbno\u00bb]Reuni\u00f3n 1. La Organizaci\u00f3n, la Contabilidad, los Sistemas de Informaci\u00f3n Contable, actividades en las Empresas y Estudios Contables.<\/p>\n<p>Reuni\u00f3n 2. Circuito de la Informaci\u00f3n Contable. Emisi\u00f3n y registraci\u00f3n de comprobantes y generaci\u00f3n de informes. Interacci\u00f3n Empresa\/Estudio Contable.<\/p>\n<p>Reuni\u00f3n 3. Conciliaciones bancarias y registraci\u00f3n de movimientos bancarios para la contabilidad. Cash Flow. Generaci\u00f3n de Informes para los m\u00f3dulos de contabilidad e impuestos.<\/p>\n<p>Reuni\u00f3n 4. Integraci\u00f3n de la informaci\u00f3n y Emisi\u00f3n de Estados Contables. Confecci\u00f3n de Papeles de trabajo. Registraciones Contables. Saldos Comparativos. Emisi\u00f3n de Estados Contables. Certificaciones.[\/vc_column_text][\/vc_tta_section][vc_tta_section i_icon_fontawesome=\u00bbfas fa-book-open\u00bb add_icon=\u00bbtrue\u00bb title=\u00bbM\u00f3dulo 2: EJECUTIVO ESTUDIO\u00bb tab_id=\u00bb1624652697176-d7a14976-1a83&#8243;][vc_column_text woodmart_inline=\u00bbno\u00bb text_larger=\u00bbno\u00bb]Reuni\u00f3n 1. Introducci\u00f3n. Sujetos que intervienen. Organismos de Control. Distintos tipos de Tributos. Declaraciones Juradas y Presentaciones.<\/p>\n<p>Reuni\u00f3n 2. Liquidaci\u00f3n del Impuesto al Valor Agregado.<\/p>\n<p>Reuni\u00f3n 3. Ingresos Brutos y Seguridad e Higiene y Monotributo<\/p>\n<p>Reuni\u00f3n 4. ABC de Ganancias Persona F\u00edsica y Bienes Personales. Ganancias Personas Jur\u00eddicas y Aspectos Societarios. para[\/vc_column_text][\/vc_tta_section][vc_tta_section i_icon_fontawesome=\u00bbfas fa-book-open\u00bb add_icon=\u00bbtrue\u00bb title=\u00bbTALLER DE LIQUIDACI\u00d3N DE SUELDOS Y JORNALES\u00bb tab_id=\u00bb1624652835103-cc18e76a-6438&#8243;][vc_column_text woodmart_inline=\u00bbno\u00bb text_larger=\u00bbno\u00bb]Reuni\u00f3n 1. Ley de Contrato de Trabajo 20.744.\u00a0 Introducci\u00f3n a la Liquidaci\u00f3n de Sueldos y Jornales<\/p>\n<p>Reuni\u00f3n 2. Licencias Ordinarias. Sueldo Anual Complementario. Convenios Colectivos de Trabajo. Control y emisi\u00f3n de recibos. Informes legales. Integraci\u00f3n con AFIP.<\/p>\n<p>Reuni\u00f3n 3. Extinci\u00f3n de la relaci\u00f3n laboral. Renuncia. Despido e Indemnizaciones. Casos de aplicaci\u00f3n seg\u00fan LCT. Obligaciones del Empleador, Cargas Sociales \u2013 Sindicatos &#8211; ART \u2013 SCVO<\/p>\n<p>Reuni\u00f3n 4. TRABAJO DE CAMPO INTEGRADOR[\/vc_column_text][\/vc_tta_section][vc_tta_section i_icon_fontawesome=\u00bbfas fa-book-open\u00bb add_icon=\u00bbtrue\u00bb title=\u00bbTALLER de EXCEL -Herramientas para Administradores y Contadores\u00bb tab_id=\u00bb1624652888964-216a94dd-a1a9&#8243;][vc_column_text woodmart_inline=\u00bbno\u00bb text_larger=\u00bbno\u00bb]Reuni\u00f3n 1: INTRODUCCION AL PROGRAMA, CONCEPTOS BASICOS Y PRINCIPALES FUNCIONES<\/p>\n<p>Reuni\u00f3n 2: MANEJO INTERMEDIO DE FORMULAS, TABLAS Y VINCULACIONES CON OTROS PROGRAMAS<\/p>\n<p>Reuni\u00f3n 3: TABLAS DINAMICAS Y MACROS[\/vc_column_text][\/vc_tta_section][\/vc_tta_accordion][\/vc_column][\/vc_row]<\/p>\n","protected":false},"excerpt":{"rendered":"<p>Realiza el programa completo, que te permitir\u00e1 contar con los conocimientos, pr\u00e1ctica y herramientas para poder trabajar en organizaciones, estudios o llevar tus propios clientes.<\/p>\n<p><i class=\"fas fa-laptop-code\" style=\"color: black;\"><\/i> <strong><em><span style=\"color: #f58220;\">Incluye Versi\u00f3n Demo ONVIO Thomson Reuters (Sistemas Bejerman) para que practiques<\/span>.<\/em><\/strong><\/p>\n<p><i class=\"fas fa-laptop\" style=\"color: black;\"><\/i> <span style=\"color: #008e97;\"><strong><em>Clases en VIVO con grupos reducidos y acceso a grabaciones.<\/em><\/strong><\/span><\/p>\n","protected":false},"featured_media":7581,"comment_status":"open","ping_status":"closed","template":"","meta":[],"product_cat":[15],"product_tag":[],"class_list":["post-7467","product","type-product","status-publish","has-post-thumbnail","hentry","product_cat-cursos"],"_links":{"self":[{"href":"https:\/\/projectar.net.ar\/cefede\/wp-json\/wp\/v2\/product\/7467","targetHints":{"allow":["GET"]}}],"collection":[{"href":"https:\/\/projectar.net.ar\/cefede\/wp-json\/wp\/v2\/product"}],"about":[{"href":"https:\/\/projectar.net.ar\/cefede\/wp-json\/wp\/v2\/types\/product"}],"replies":[{"embeddable":true,"href":"https:\/\/projectar.net.ar\/cefede\/wp-json\/wp\/v2\/comments?post=7467"}],"wp:featuredmedia":[{"embeddable":true,"href":"https:\/\/projectar.net.ar\/cefede\/wp-json\/wp\/v2\/media\/7581"}],"wp:attachment":[{"href":"https:\/\/projectar.net.ar\/cefede\/wp-json\/wp\/v2\/media?parent=7467"}],"wp:term":[{"taxonomy":"product_cat","embeddable":true,"href":"https:\/\/projectar.net.ar\/cefede\/wp-json\/wp\/v2\/product_cat?post=7467"},{"taxonomy":"product_tag","embeddable":true,"href":"https:\/\/projectar.net.ar\/cefede\/wp-json\/wp\/v2\/product_tag?post=7467"}],"curies":[{"name":"wp","href":"https:\/\/api.w.org\/{rel}","templated":true}]}}