{"id":7469,"date":"2023-06-19T15:48:40","date_gmt":"2023-06-19T15:48:40","guid":{"rendered":"https:\/\/projectar.net.ar\/cefede\/?post_type=product&#038;p=7469"},"modified":"2023-06-25T18:02:44","modified_gmt":"2023-06-25T18:02:44","slug":"training-para-ejecutivo-estudio","status":"publish","type":"product","link":"https:\/\/projectar.net.ar\/cefede\/curso\/training-para-ejecutivo-estudio\/","title":{"rendered":"Training para Ejecutivo Impositivo"},"content":{"rendered":"<p>[vc_row full_width=\u00bbstretch_row\u00bb css=\u00bb.vc_custom_1624639913190{padding-top: 8vh !important;padding-bottom: 4vh !important;background-image: url(https:\/\/projectar.net.ar\/cefede\/wp-content\/uploads\/2021\/06\/bg.jpg?id=7643) !important;}\u00bb mobile_bg_img_hidden=\u00bbno\u00bb tablet_bg_img_hidden=\u00bbno\u00bb woodmart_parallax=\u00bb0&#8243; woodmart_gradient_switch=\u00bbno\u00bb row_reverse_mobile=\u00bb0&#8243; row_reverse_tablet=\u00bb0&#8243; woodmart_disable_overflow=\u00bb0&#8243;][vc_column]\t\t\n\t\t<div id=\"wd-61e9a520a1b2e\" class=\"title-wrapper wd-wpb set-mb-s reset-last-child  wd-title-color-white wd-title-style-default wd-width-100 text-left vc_custom_1642702132650\">\n\t\t\t\t\t\t\t<div class=\"title-subtitle  subtitle-color-white font-default subtitle-style-background wd-font-weight-600 wd-fontsize-xs\">Inicio 5 de Febrero 2022<\/div>\n\t\t\t\n\t\t\t<div class=\"liner-continer\">\n\t\t\t\t<h4 class=\"woodmart-title-container title  wd-font-weight- wd-fontsize-xxl\" >\u00a1Bienvenidos a Training- Ejecutivo Impositivo!<\/h4>\n\t\t\t\t\t\t\t<\/div>\n\t\t\t\n\t\t\t\n\t\t\t\t\t<\/div>\n\t\t\n\t\t[vc_empty_space woodmart_hide_large=\u00bb0&#8243; woodmart_hide_medium=\u00bb0&#8243; woodmart_hide_small=\u00bb0&#8243; woodmart_hide_extra_small=\u00bb0&#8243;]\t\t\n\t\t<div id=\"wd-60d63d5585371\" class=\"title-wrapper wd-wpb set-mb-s reset-last-child  wd-title-color-default wd-title-style-underlined wd-width-100 text-left \">\n\t\t\t\n\t\t\t<div class=\"liner-continer\">\n\t\t\t\t<h4 class=\"woodmart-title-container title  wd-font-weight- wd-fontsize-l\" >Informaci\u00f3n General<\/h4>\n\t\t\t\t\t\t\t<\/div>\n\t\t\t\n\t\t\t\n\t\t\t\t\t<\/div>\n\t\t\n\t\t[vc_tta_accordion active_section=\u00bb\u00bb collapsible_all=\u00bbtrue\u00bb][vc_tta_section i_icon_fontawesome=\u00bbfas fa-user-graduate\u00bb add_icon=\u00bbtrue\u00bb title=\u00bbObjetivos\u00bb tab_id=\u00bb1624638783125-390cd783-e4c3&#8243;][vc_column_text woodmart_inline=\u00bbno\u00bb text_larger=\u00bbno\u00bb]Como su nombre lo indica \u201cTraining\u201d, pretende entrenar a estudiantes y profesionales para\u00a0 que est\u00e9n listos para salir al campo, y lograr reducir esa brecha entre los conocimientos\u00a0 obtenidos en los estudios realizados en las instituciones acad\u00e9micas con la pr\u00e1ctica del d\u00eda\u00a0 a d\u00eda con la que nos encontramos en un Estudio Contable o Empresa Pyme.<\/p>\n<p>Para que luego de ese entrenamiento el participante consiga obtener un empleo\u00a0 relacionado con lo que estudia, mejore la situaci\u00f3n en su actual trabajo o comience a\u00a0 desarrollar sus primeras herramientas como profesional independiente.[\/vc_column_text][\/vc_tta_section][vc_tta_section i_icon_fontawesome=\u00bbfas fa-user-friends\u00bb add_icon=\u00bbtrue\u00bb title=\u00bbDestinatarios\u00bb tab_id=\u00bb1624638783141-6fd42395-601c\u00bb][vc_column_text woodmart_inline=\u00bbno\u00bb text_larger=\u00bbno\u00bb]<strong><em>Estudiantes <\/em><\/strong><em>iniciales, intermedios, avanzados o <strong>j\u00f3venes graduados <\/strong>de carreras Universitarias, Terciarias o Tecnicaturas, relacionadas con Ciencias Econ\u00f3micas que busquen complementar sus conocimientos te\u00f3rico-t\u00e9cnicos con la <strong>pr\u00e1ctica profesional<\/strong>, como tambi\u00e9n actuales o potenciales empleados administrativos de <strong>empresas pymes o estudios contables <\/strong>que tienen o pretenden tener la posibilidad de trabajar, pero necesitan profundizar los aspectos conceptuales. <\/em>[\/vc_column_text][\/vc_tta_section][vc_tta_section i_icon_fontawesome=\u00bbfar fa-clock\u00bb add_icon=\u00bbtrue\u00bb title=\u00bbCarga horaria y m\u00f3dulos\u00bb tab_id=\u00bb1624638868870-c8cf7bdd-cf48&#8243;][vc_column_text woodmart_inline=\u00bbno\u00bb text_larger=\u00bbno\u00bb]El m\u00f3dulo completo tiene una carga total de 20 horas, + las horas de aplicaci\u00f3n pr\u00e1ctica homework, con t\u00e9cnica y aplicaci\u00f3n pr\u00e1ctica en la <strong>VERSI\u00d3N EDUCATIVA DE ONVIO, LA PLATAFORMA ONLINE de BEJERMAN<\/strong> y la utilizaci\u00f3n de otras aplicaciones y herramientas.[\/vc_column_text][\/vc_tta_section][vc_tta_section i_icon_fontawesome=\u00bbfas fa-info-circle\u00bb add_icon=\u00bbtrue\u00bb title=\u00bbConsideraciones Generales\u00bb tab_id=\u00bb1624639099177-1db856ba-90f0&#8243;][vc_column_text woodmart_inline=\u00bbno\u00bb text_larger=\u00bbno\u00bb]<strong>&#8211; D\u00edas y Horarios <\/strong><\/p>\n<p>S\u00e1bados de 2h ON LINE EN VIVO, interactuando con el docente y tus compa\u00f1eros, mas unas 3hs de grabaciones para que accedas desde tu casa o el trabajo, en el momento que lo desees, mas las pr\u00e1cticas a realizar en ONVIO de Thomson Reuters (Sistemas Bejerman).<\/p>\n<p><strong>&#8211; Fechas <\/strong><\/p>\n<p>La duraci\u00f3n del m\u00f3dulo es de 4 sabados, con inicio el<strong> 19 de Agosto 2023.<\/strong>[\/vc_column_text][\/vc_tta_section][vc_tta_section i_icon_fontawesome=\u00bbfas fa-certificate\u00bb add_icon=\u00bbtrue\u00bb title=\u00bbAsistencia M\u00ednima y Certificaci\u00f3n\u00bb tab_id=\u00bb1624639163741-3858c5ce-28b9&#8243;][vc_column_text woodmart_inline=\u00bbno\u00bb text_larger=\u00bbno\u00bb]Se extender\u00e1 un diploma certificado a quienes cumplan con los objetivos planteados en funci\u00f3n a la asistencia y desempe\u00f1o, siendo la asistencia m\u00ednima de un 75% por cada m\u00f3dulo.[\/vc_column_text][\/vc_tta_section][vc_tta_section i_icon_fontawesome=\u00bbfas fa-laptop\u00bb add_icon=\u00bbtrue\u00bb title=\u00bbModalidad Virtual\u00bb tab_id=\u00bb1624639191055-9ad3bc4d-bee9&#8243;][vc_column_text woodmart_inline=\u00bbno\u00bb text_larger=\u00bbno\u00bb]Entorno Virtual de Capacitaci\u00f3n de Projectar, que incluye aula virtual de MEET, Classroom para compartir material, versi\u00f3n educativa de ONVIO (Sistemas Bejerman) para practicar desde tu casa, y grabaci\u00f3n de la parte t\u00e9cnica, por si te pierdes alguna de las clases.[\/vc_column_text][\/vc_tta_section][vc_tta_section i_icon_fontawesome=\u00bbfar fa-clipboard\u00bb add_icon=\u00bbtrue\u00bb title=\u00bbInscripci\u00f3n y Pago\u00bb tab_id=\u00bb1624639232608-8d5bad1d-ac3f\u00bb][vc_column_text woodmart_inline=\u00bbno\u00bb text_larger=\u00bbno\u00bb]El programa tiene un costo de <strong>$ 8.900,00 <\/strong>Considerando el descuento aplicado, para estudiantes terciarios y universitarios. Podr\u00e1s abonarlo mediante mercado pago o transferencia.<\/p>\n<p>Inscribite mediante la tienda virtual del <strong>CEFEDE<\/strong> <a href=\"https:\/\/projectar.net.ar\/cefede\/\">https:\/\/projectar.net.ar\/cefede\/<\/a><\/p>\n<p>Podr\u00e1s pagarlo con Mercado Pago en cuotas, efectivo en lugares de pago o transferencia en un pago.[\/vc_column_text][\/vc_tta_section][\/vc_tta_accordion][vc_empty_space woodmart_hide_large=\u00bb0&#8243; woodmart_hide_medium=\u00bb0&#8243; woodmart_hide_small=\u00bb0&#8243; woodmart_hide_extra_small=\u00bb0&#8243;]\t\t\n\t\t<div id=\"wd-60d644d539c8a\" class=\"title-wrapper wd-wpb set-mb-s reset-last-child  wd-title-color-default wd-title-style-underlined wd-width-100 text-left \">\n\t\t\t\n\t\t\t<div class=\"liner-continer\">\n\t\t\t\t<h4 class=\"woodmart-title-container title  wd-font-weight- wd-fontsize-l\" >M\u00f3dulos y Contenidos<\/h4>\n\t\t\t\t\t\t\t<\/div>\n\t\t\t\n\t\t\t\n\t\t\t\t\t<\/div>\n\t\t\n\t\t[vc_tta_accordion active_section=\u00bb\u00bb collapsible_all=\u00bbtrue\u00bb][vc_tta_section i_icon_fontawesome=\u00bbfas fa-book-open\u00bb add_icon=\u00bbtrue\u00bb title=\u00bbReuni\u00f3n 1. Introducci\u00f3n. Sujetos que intervienen. Organismos de Control. Distintos tipos de Tributos. Declaraciones Juradas y Presentaciones.\u00bb tab_id=\u00bb1624652697150-c0d1f91c-8f4c\u00bb][vc_column_text woodmart_inline=\u00bbno\u00bb text_larger=\u00bbno\u00bb]a) Introducci\u00f3n. Sujetos. Organismos de Control y Contribuyentes. Clave Fiscal y Accesos a Servicios Web.<\/p>\n<p>b) Tipos de Impuestos y Presentaciones Informativas. Declaraciones y Presentaciones.<\/p>\n<p>c) Revisi\u00f3n de los m\u00f3dulos de la empresa y relaci\u00f3n con el Estudio con el objetivo de generar la informaci\u00f3n necesaria para los aspectos impositivos.<\/p>\n<p>d) Integraci\u00f3n de la informaci\u00f3n con el resto de los m\u00f3dulos funcionales de gesti\u00f3n y contabilidad. Informaci\u00f3n a solicitar a los clientes pymes.<\/p>\n<p><strong><em>Aplicaci\u00f3n Pr\u00e1ctica. <\/em><\/strong><em>Web de Afip y el Aplicativo Siap. M\u00f3dulo de IVA en el Soft del estudio. <\/em><\/p>\n<p><strong>Duraci\u00f3n 2 hs en vivo. S\u00e1bado 13 de Agosto del 2022<\/strong>[\/vc_column_text][\/vc_tta_section][vc_tta_section i_icon_fontawesome=\u00bbfas fa-book-open\u00bb add_icon=\u00bbtrue\u00bb title=\u00bbReuni\u00f3n 2. Liquidaci\u00f3n del Impuesto al Valor Agregado.\u00bb tab_id=\u00bb1624652697176-d7a14976-1a83&#8243;][vc_column_text woodmart_inline=\u00bbno\u00bb text_larger=\u00bbno\u00bb]a) Revisi\u00f3n Conceptual del mecanismo de liquidaci\u00f3n de IVA.<\/p>\n<p>b) Informaci\u00f3n necesaria para la liquidaci\u00f3n y fuentes de informaci\u00f3n dependiendo el tipo de empresa cliente.<\/p>\n<p>c) Registraci\u00f3n de comprobantes. Consideraciones en la configuraci\u00f3n de clientes y proveedores y aspectos a tener en cuenta respecto de las Facturas, certificados de retenci\u00f3n y otros comprobantes relacionados.<\/p>\n<p>d) Papeles de trabajo previos a la liquidaci\u00f3n formal del impuesto. Listados Definitivos de IVA Compras y Ventas (retenciones y percepciones)<\/p>\n<p>e) Emisi\u00f3n y Presentaci\u00f3n de Declaraciones Juradas.<\/p>\n<p>f) Saldos a Favor, pagos, compensaciones y planes de financiaci\u00f3n.<\/p>\n<p><strong><em>Aplicaci\u00f3n Pr\u00e1ctica. <\/em><\/strong><em>Integraci\u00f3n entre el m\u00f3dulo de IVA y el Siap, Aplicativos Siap de IVA, Excel de Papel de trabajo. Presentaci\u00f3n y pagos en P\u00e1gina de Afip. Modulo IVA Soft Contable. <\/em><\/p>\n<p><strong>Duraci\u00f3n 2 hs en vivo. S\u00e1bado 20 de Agosto del 2022<\/strong>[\/vc_column_text][\/vc_tta_section][vc_tta_section i_icon_fontawesome=\u00bbfas fa-book-open\u00bb add_icon=\u00bbtrue\u00bb title=\u00bbReuni\u00f3n 3. Ingresos Brutos y Seguridad e Higiene y Monotributo\u00bb tab_id=\u00bb1624652835103-cc18e76a-6438&#8243;][vc_column_text woodmart_inline=\u00bbno\u00bb text_larger=\u00bbno\u00bb]a) Revisi\u00f3n Conceptual del mecanismo de liquidaci\u00f3n de IIBB Convenio Multilateral y local y SH.<\/p>\n<p>b) Informaci\u00f3n necesaria para la liquidaci\u00f3n y fuentes de informaci\u00f3n dependiendo del tipo de empresa cliente.<\/p>\n<p>c) Registraci\u00f3n de comprobantes. Consideraciones en la configuraci\u00f3n de clientes y proveedores y aspectos a tener en cuenta respecto de las Facturas, certificados de retenci\u00f3n y otros comprobantes relacionados.<\/p>\n<p>d) Papeles de trabajo previos a la liquidaci\u00f3n formal del impuesto. Emisi\u00f3n y Presentaci\u00f3n de Declaraciones Juradas, pagos y saldo a Favor.<\/p>\n<p>e) El Monotributo, qu\u00e9 hay que saber para asesorar y llevar un monotributista.<\/p>\n<p><strong><em>Aplicaci\u00f3n Pr\u00e1ctica. <\/em><\/strong><em>Papeles de trabajo para los Ingresos Brutos, Borrador de la DJ, Web de Afip para presentaci\u00f3n. Web de Afip con m\u00f3dulos para Monotributo. <\/em><\/p>\n<p><strong>Duraci\u00f3n 2 hs en vivo. S\u00e1bado 27 de Agosto del 2022<\/strong>[\/vc_column_text][\/vc_tta_section][vc_tta_section i_icon_fontawesome=\u00bbfas fa-book-open\u00bb add_icon=\u00bbtrue\u00bb title=\u00bbReuni\u00f3n 4. ABC de Ganancias Persona F\u00edsica y Bienes Personales. Ganancias Personas Jur\u00eddicas y Aspectos Societarios.\u00bb tab_id=\u00bb1624652888964-216a94dd-a1a9&#8243;][vc_column_text woodmart_inline=\u00bbno\u00bb text_larger=\u00bbno\u00bb]a) Ganancias Personas F\u00edsicas y Bienes Personales. Introducci\u00f3n conceptual. Relaci\u00f3n con otros m\u00f3dulos e impuestos.<\/p>\n<p>b) Ganancias Personas Jur\u00eddicas. Introducci\u00f3n conceptual. Relaci\u00f3n con otros m\u00f3dulos e impuestos. Determinaci\u00f3n del impuesto. Ajustes Impositivos. Deducciones. Saldo a pagar y forma de ingreso.<\/p>\n<p>c) RG 830. Retenci\u00f3n Impuesto a las Ganancias (SICORE), relaci\u00f3n con otros m\u00f3dulos.<\/p>\n<p>d) Aspectos Societarios. Introducci\u00f3n a los libros y tipos de sociedades.<\/p>\n<p><strong><em>Aplicaci\u00f3n Pr\u00e1ctica. <\/em><\/strong><em>Aplicativos para las DJ de Ganancias, Papeles de trabajo, Libros Societarios (Papel VS Digitales). Web para constituir una SAS. <\/em><\/p>\n<p><strong>Duraci\u00f3n 2 hs en vivo. S\u00e1bado 3 de Septiembre del 2022<\/strong>[\/vc_column_text][\/vc_tta_section][\/vc_tta_accordion][vc_empty_space woodmart_hide_large=\u00bb0&#8243; woodmart_hide_medium=\u00bb0&#8243; woodmart_hide_small=\u00bb0&#8243; woodmart_hide_extra_small=\u00bb0&#8243;]\t\t\n\t\t<div id=\"wd-60d644dad92f3\" class=\"title-wrapper wd-wpb set-mb-s reset-last-child  wd-title-color-default wd-title-style-underlined wd-width-100 text-left \">\n\t\t\t\n\t\t\t<div class=\"liner-continer\">\n\t\t\t\t<h4 class=\"woodmart-title-container title  wd-font-weight- wd-fontsize-l\" >Preguntas Frecuentes<\/h4>\n\t\t\t\t\t\t\t<\/div>\n\t\t\t\n\t\t\t\n\t\t\t\t\t<\/div>\n\t\t\n\t\t[vc_tta_accordion active_section=\u00bb\u00bb collapsible_all=\u00bbtrue\u00bb][vc_tta_section i_icon_fontawesome=\u00bbfar fa-question-circle\u00bb add_icon=\u00bbtrue\u00bb title=\u00bb\u00bfCu\u00e1nto dura el TRAINING EJECUTIVO ESTUDIO?\u00bb tab_id=\u00bb1624653505759-ae16aa2f-454c\u00bb][vc_column_text woodmart_inline=\u00bbno\u00bb text_larger=\u00bbno\u00bb]Tiene una duraci\u00f3n total de 20hs, la cual se encuentra distribuida en reuniones en vivo de 2 horas los d\u00edas s\u00e1bados, mas las grabaciones de los temas a tratar en cada reunion con una duraci\u00f3n total de 3 horas por clase, durante 4 s\u00e1bados.[\/vc_column_text][\/vc_tta_section][vc_tta_section i_icon_fontawesome=\u00bbfar fa-question-circle\u00bb add_icon=\u00bbtrue\u00bb title=\u00bb\u00bfDebo tener conocimientos previos para realizarlo?\u00bb tab_id=\u00bb1624653505822-1ddbe5ae-a53b\u00bb][vc_column_text woodmart_inline=\u00bbno\u00bb text_larger=\u00bbno\u00bb]No es necesario conocimientos previos, solo ser mayor de 18 a\u00f1os.[\/vc_column_text][\/vc_tta_section][vc_tta_section i_icon_fontawesome=\u00bbfar fa-question-circle\u00bb add_icon=\u00bbtrue\u00bb title=\u00bb\u00bfQu\u00e9 pasa si no puedo asistir a una clase, puedo recuperarla?\u00bb tab_id=\u00bb1624653505890-3735b368-4c02&#8243;][vc_column_text woodmart_inline=\u00bbno\u00bb text_larger=\u00bbno\u00bb]Si, las clases se graban, por lo cual las puedes ver las veces necesarias, ya que quedan en nuestra plataforma.[\/vc_column_text][\/vc_tta_section][vc_tta_section i_icon_fontawesome=\u00bbfar fa-question-circle\u00bb add_icon=\u00bbtrue\u00bb title=\u00bb\u00bfHay parte pr\u00e1ctica de cada tema tratado?\u00bb tab_id=\u00bb1624653505968-fec15328-1b98&#8243;][vc_column_text woodmart_inline=\u00bbno\u00bb text_larger=\u00bbno\u00bb]Si, en cada clase en vivo se ve la parte pr\u00e1ctica, y se les deja tareas para realizar en el sistema, en cualquier momento durante la semana.[\/vc_column_text][\/vc_tta_section][vc_tta_section i_icon_fontawesome=\u00bbfar fa-question-circle\u00bb add_icon=\u00bbtrue\u00bb title=\u00bb\u00bfSe entregan certificados?\u00bb tab_id=\u00bb1624653667258-0c767e0e-45fa\u00bb][vc_column_text woodmart_inline=\u00bbno\u00bb text_larger=\u00bbno\u00bb]Si, una vez finalizado y cumplido con el 75% de asistencia al m\u00f3dulo, se le entregar\u00e1 un diploma certificado.[\/vc_column_text][\/vc_tta_section][vc_tta_section i_icon_fontawesome=\u00bbfar fa-question-circle\u00bb add_icon=\u00bbtrue\u00bb title=\u00bb\u00bfSe debe realizar una evaluaci\u00f3n o trabajo final como condici\u00f3n de aprobaci\u00f3n?\u00bb tab_id=\u00bb1624653688348-e5238fca-3712&#8243;][vc_column_text woodmart_inline=\u00bbno\u00bb text_larger=\u00bbno\u00bb]No, solo cumplir la condici\u00f3n de tener 75% de asistencia al mismo.[\/vc_column_text][\/vc_tta_section][vc_tta_section i_icon_fontawesome=\u00bbfar fa-question-circle\u00bb add_icon=\u00bbtrue\u00bb title=\u00bb\u00bfQu\u00e9 incluye el costo del curso?\u00bb tab_id=\u00bb1624653710337-394fee4c-87a7&#8243;][vc_column_text woodmart_inline=\u00bbno\u00bb text_larger=\u00bbno\u00bb]Aula virtual, classroom con material, versi\u00f3n educativa de <strong>ONVIO &#8211; Thomson Reuters<\/strong> para trabajar desde tu casa durante el desarrollo del taller, y grabaciones de las clases por si te pierdes o quieres repasar alguna.[\/vc_column_text][\/vc_tta_section][vc_tta_section i_icon_fontawesome=\u00bbfar fa-question-circle\u00bb add_icon=\u00bbtrue\u00bb title=\u00bb\u00bfCu\u00e1les son las formas de pago?\u00bb tab_id=\u00bb1624653743371-6bd8f86e-9e56&#8243;][vc_column_text woodmart_inline=\u00bbno\u00bb text_larger=\u00bbno\u00bb]Podes abonar a trav\u00e9s de MercadoPago o mediante transferencia bancaria, pudi\u00e9ndose abonar el <strong>50% antes<\/strong> del inicio (para confirmar la asistencia) y el saldo restante en la \u00faltima reuni\u00f3n, previo a la entrega del certificado.[\/vc_column_text][\/vc_tta_section][\/vc_tta_accordion][\/vc_column][\/vc_row]<\/p>\n","protected":false},"excerpt":{"rendered":"<p>Entrenate para trabajar en Estudios Contables o llevar tus propios clientes.<\/p>\n<p><i class=\"fas fa-laptop-code\" style=\"color: black;\"><\/i> <strong><em><span style=\"color: #f58220;\">Incluye Version Demo de Sistema Lider para que practiques<\/span>.<\/em><\/strong><\/p>\n<p><i class=\"fas fa-laptop\" style=\"color: black;\"><\/i> <span style=\"color: #008e97;\"><strong><em>Clases en VIVO con grupos reducidos y acceso a grabaciones.<\/em><\/strong><\/span><\/p>\n","protected":false},"featured_media":7474,"comment_status":"open","ping_status":"closed","template":"","meta":[],"product_cat":[15],"product_tag":[],"class_list":["post-7469","product","type-product","status-publish","has-post-thumbnail","hentry","product_cat-cursos"],"_links":{"self":[{"href":"https:\/\/projectar.net.ar\/cefede\/wp-json\/wp\/v2\/product\/7469","targetHints":{"allow":["GET"]}}],"collection":[{"href":"https:\/\/projectar.net.ar\/cefede\/wp-json\/wp\/v2\/product"}],"about":[{"href":"https:\/\/projectar.net.ar\/cefede\/wp-json\/wp\/v2\/types\/product"}],"replies":[{"embeddable":true,"href":"https:\/\/projectar.net.ar\/cefede\/wp-json\/wp\/v2\/comments?post=7469"}],"wp:featuredmedia":[{"embeddable":true,"href":"https:\/\/projectar.net.ar\/cefede\/wp-json\/wp\/v2\/media\/7474"}],"wp:attachment":[{"href":"https:\/\/projectar.net.ar\/cefede\/wp-json\/wp\/v2\/media?parent=7469"}],"wp:term":[{"taxonomy":"product_cat","embeddable":true,"href":"https:\/\/projectar.net.ar\/cefede\/wp-json\/wp\/v2\/product_cat?post=7469"},{"taxonomy":"product_tag","embeddable":true,"href":"https:\/\/projectar.net.ar\/cefede\/wp-json\/wp\/v2\/product_tag?post=7469"}],"curies":[{"name":"wp","href":"https:\/\/api.w.org\/{rel}","templated":true}]}}