{"id":7749,"date":"2021-07-06T15:17:53","date_gmt":"2021-07-06T15:17:53","guid":{"rendered":"https:\/\/projectar.net.ar\/cefede\/?post_type=product&#038;p=7749"},"modified":"2021-11-29T22:16:49","modified_gmt":"2021-11-29T22:16:49","slug":"acceso-al-sorteo-de-becas-y-al-programa-formate-x-experiencia","status":"publish","type":"product","link":"https:\/\/projectar.net.ar\/cefede\/curso\/acceso-al-sorteo-de-becas-y-al-programa-formate-x-experiencia\/","title":{"rendered":"Acceso al Sorteo de Becas, y al Programa Formate X Experiencia"},"content":{"rendered":"<p>[vc_row full_width=\u00bbstretch_row\u00bb css=\u00bb.vc_custom_1624639913190{padding-top: 8vh !important;padding-bottom: 4vh !important;background-image: url(https:\/\/projectar.net.ar\/cefede\/wp-content\/uploads\/2021\/06\/bg.jpg?id=7643) !important;}\u00bb mobile_bg_img_hidden=\u00bbno\u00bb tablet_bg_img_hidden=\u00bbno\u00bb woodmart_parallax=\u00bb0&#8243; woodmart_gradient_switch=\u00bbno\u00bb row_reverse_mobile=\u00bb0&#8243; row_reverse_tablet=\u00bb0&#8243; woodmart_disable_overflow=\u00bb0&#8243;][vc_column]\t\t\n\t\t<div id=\"wd-60ec958ede9be\" class=\"title-wrapper wd-wpb set-mb-s reset-last-child  wd-title-color-white wd-title-style-default wd-width-100 text-left vc_custom_1626117527531\">\n\t\t\t\t\t\t\t<div class=\"title-subtitle  subtitle-color-white font-default subtitle-style-background wd-font-weight-600 wd-fontsize-xs\">Acceso a Sorteo de Becas y Programas especiales de formaci\u00f3n<\/div>\n\t\t\t\n\t\t\t<div class=\"liner-continer\">\n\t\t\t\t<h4 class=\"woodmart-title-container title  wd-font-weight- wd-fontsize-xxl\" >Programa Formate X Experiencia<\/h4>\n\t\t\t\t\t\t\t<\/div>\n\t\t\t\n\t\t\t\n\t\t\t\t\t<\/div>\n\t\t\n\t\t[vc_empty_space woodmart_hide_large=\u00bb0&#8243; woodmart_hide_medium=\u00bb0&#8243; woodmart_hide_small=\u00bb0&#8243; woodmart_hide_extra_small=\u00bb0&#8243;]\t\t\n\t\t<div id=\"wd-61a550f29498f\" class=\"title-wrapper wd-wpb set-mb-s reset-last-child  wd-title-color-default wd-title-style-underlined wd-width-100 text-left \">\n\t\t\t\n\t\t\t<div class=\"liner-continer\">\n\t\t\t\t<h4 class=\"woodmart-title-container title  wd-font-weight- wd-fontsize-l\" >\u00bfEn qu\u00e9 consiste el Programa?<\/h4>\n\t\t\t\t\t\t\t<\/div>\n\t\t\t\n\t\t\t\t\t\t\t<div class=\"title-after_title  set-cont-mb-s reset-last-child  wd-fontsize-xs\">El Programa consiste en un entrenamiento de 6 meses, 3 meses FULL TRAINING, que comprende los m\u00f3dulos de Administrativo Empresa, Ejecutivo Estudio y Taller Laboral (Sueldos) + taller de EXCEL, a realizarse en las temporadas INVIERNO (julio, agosto y septiembre) o VERANO (enero, febrero y marzo) en ambos caso con + 3 MESES DE PRACTICAS que ser\u00e1n la manera en la que devolver\u00e1s la formaci\u00f3n, te ayudamos y no das una mano, ese es nuestro esp\u00edritu.\nMediante el programa podr\u00e1s realizar la Experiencia con CASOS REALES, con la Coordinaci\u00f3n y Tutorias de los Docentes del CE.F.E.DE. Este entrenamiento tiene como objetivo que luego de 6 meses de formaci\u00f3n y pr\u00e1cticas, el estudiante o reci\u00e9n graduado est\u00e9 en condiciones de decir que cuenta con una m\u00ednima experiencia que facilite la inserci\u00f3n laboral y \/o dar los primeros pasos como profesional independiente. Adem\u00e1s podr\u00e1n incluir en su CV que realiz\u00f3 el programa de formaci\u00f3n y citarnos como referencia, utilizar nuestra red de relaciones para dar una mano a la hora de conseguir empleo y contar\u00e1n con nuestro apoyo y asesoramiento para que lleven sus primeros clientes.<\/div>\n\t\t\t\n\t\t\t\t\t<\/div>\n\t\t\n\t\t[vc_empty_space woodmart_hide_large=\u00bb0&#8243; woodmart_hide_medium=\u00bb0&#8243; woodmart_hide_small=\u00bb0&#8243; woodmart_hide_extra_small=\u00bb0&#8243;]\t\t\n\t\t<div id=\"wd-61a551371799e\" class=\"title-wrapper wd-wpb set-mb-s reset-last-child  wd-title-color-default wd-title-style-underlined wd-width-100 text-left \">\n\t\t\t\n\t\t\t<div class=\"liner-continer\">\n\t\t\t\t<h4 class=\"woodmart-title-container title  wd-font-weight- wd-fontsize-l\" >\u00bfC\u00f3mo participar?<\/h4>\n\t\t\t\t\t\t\t<\/div>\n\t\t\t\n\t\t\t\t\t\t\t<div class=\"title-after_title  set-cont-mb-s reset-last-child  wd-fontsize-xs\">- No encontrarse trabajando en algo relacionado a la carrera que est\u00e1n estudiando<br \/>\n- Seguirnos en nuestras redes sociales @projectarok, dar LIKE y compartir las publicaciones relacionadas a los programas, talleres, entrenamientos y CEFEDE.<br \/>\n- Enviarnos a nuestro whatsapp 11-3506-2393 un videito formato simil tik tok de no mas de<br \/>\n1 minuto, donde nos cuentes:<br \/>\n* Area de Interes donde te gustar\u00eda formarte<br \/>\n* Que carrera estudias y en que instancia est\u00e1s<br \/>\n* Edad, de donde sos y algun dato personal que quieras contarnos<br \/>\n* Cual ser\u00e1 tu disponibilidad de tiempo durante los proximos 6 meses<br \/>\n* y \u00bfPor que crees que tendr\u00edas que ser seleccionado para integrar nuestro equipo de<br \/>\nentrenamiento?<br \/>\n- Completa el FORMULARIO PARA PARTICIPAR, en el siguiente bot\u00f3n.\nCualquier duda escribinos a oportunidades@projectar.net.ar<\/div>\n\t\t\t\n\t\t\t\t\t<\/div>\n\t\t\n\t\t\t\t\n\t\t<div id=\"wd-60ede5e0257a2\" class=\"title-wrapper wd-wpb set-mb-s reset-last-child  wd-title-color-default wd-title-style-underlined wd-width-100 text-left  wd-title-empty\">\n\t\t\t\n\t\t\t<div class=\"liner-continer\">\n\t\t\t\t<h4 class=\"woodmart-title-container title  wd-font-weight- wd-fontsize-l\" ><\/h4>\n\t\t\t\t\t\t\t<\/div>\n\t\t\t\n\t\t\t\t\t\t\t<div class=\"title-after_title  set-cont-mb-s reset-last-child  wd-fontsize-xs\"><strong>~ CUPOS LIMITADOS ~<\/strong><\/div>\n\t\t\t\n\t\t\t\t\t<\/div>\n\t\t\n\t\t<div id=\"wd-61a00636261db\" class=\"wd-button-wrapper text-center inline-element\"><a href=\"https:\/\/forms.gle\/NJJ2RQWEyEWpct859\" title=\"\" target=\"_blank\" class=\"btn btn-scheme-light btn-scheme-hover-dark btn-style-round btn-shape-rectangle btn-size-default btn-icon-pos-left\">IR AL FORMULARIO<span class=\"wd-btn-icon\"><span class=\"wd-icon far fa-file-alt\"><\/span><\/span><\/a><\/div>[vc_empty_space woodmart_hide_large=\u00bb0&#8243; woodmart_hide_medium=\u00bb0&#8243; woodmart_hide_small=\u00bb0&#8243; woodmart_hide_extra_small=\u00bb0&#8243;]\t\t\n\t\t<div id=\"wd-60ede55d24659\" class=\"title-wrapper wd-wpb set-mb-s reset-last-child  wd-title-color-white wd-title-style-default wd-width-100 text-left vc_custom_1626203488805\">\n\t\t\t\n\t\t\t<div class=\"liner-continer\">\n\t\t\t\t<h4 class=\"woodmart-title-container title  wd-font-weight- wd-fontsize-xxl\" >Sorteo de Becas<\/h4>\n\t\t\t\t\t\t\t<\/div>\n\t\t\t\n\t\t\t\n\t\t\t\t\t<\/div>\n\t\t\n\t\t\t\t\n\t\t<div id=\"wd-60ede5698a87c\" class=\"title-wrapper wd-wpb set-mb-s reset-last-child  wd-title-color-default wd-title-style-underlined wd-width-100 text-left  wd-title-empty\">\n\t\t\t\n\t\t\t<div class=\"liner-continer\">\n\t\t\t\t<h4 class=\"woodmart-title-container title  wd-font-weight- wd-fontsize-l\" ><\/h4>\n\t\t\t\t\t\t\t<\/div>\n\t\t\t\n\t\t\t\t\t\t\t<div class=\"title-after_title  set-cont-mb-s reset-last-child  wd-fontsize-xs\">El Sorteo de Becas, se realizar\u00e1 por parte de la Fundaci\u00f3n, y se har\u00e1 extensivo a otras organizaciones con las que trabajamos conjuntamente en la formaci\u00f3n y el desarrollo.<br \/>\nLas mismas ser\u00e1n publicadas en nuestras redes sociales y en las de las organizaciones amigas, indicando como participar, estate atent@ a nuestras publicaciones para poder anotarte.<br \/>\nLas becas ser\u00e1n para los talleres y cursos que se dicten en el CEFEDE, teniendo a acceso a alguno de los m\u00f3dulos tem\u00e1ticos que te interesen.<\/div>\n\t\t\t\n\t\t\t\t\t<\/div>\n\t\t\n\t\t\t\t\n\t\t<div id=\"wd-60e4e119d1518\" class=\"title-wrapper wd-wpb set-mb-s reset-last-child  wd-title-color-default wd-title-style-underlined wd-width-100 text-left \">\n\t\t\t\n\t\t\t<div class=\"liner-continer\">\n\t\t\t\t<h4 class=\"woodmart-title-container title  wd-font-weight- wd-fontsize-l\" >\u00bfC\u00f3mo participar?<\/h4>\n\t\t\t\t\t\t\t<\/div>\n\t\t\t\n\t\t\t\t\t\t\t<div class=\"title-after_title  set-cont-mb-s reset-last-child  wd-fontsize-xs\">- Seguirnos en nuestras redes sociales @projectarok, dar LIKE y compartir las publicaciones relacionadas a los programas, talleres, entrenamientos y CEFEDE.<br \/>\n- y completando el FORMULARIO que encontrar\u00e1s en el BOTON DE PROGRAMAS Y BECAS dentro de nuestro CE.F.E.DE<\/div>\n\t\t\t\n\t\t\t\t\t<\/div>\n\t\t\n\t\t\t\t\n\t\t<div id=\"wd-60ede596291ac\" class=\"title-wrapper wd-wpb set-mb-s reset-last-child  wd-title-color-default wd-title-style-underlined wd-width-100 text-left  wd-title-empty\">\n\t\t\t\n\t\t\t<div class=\"liner-continer\">\n\t\t\t\t<h4 class=\"woodmart-title-container title  wd-font-weight- wd-fontsize-l\" ><\/h4>\n\t\t\t\t\t\t\t<\/div>\n\t\t\t\n\t\t\t\n\t\t\t\t\t<\/div>\n\t\t\n\t\t<div id=\"wd-60e47d71206da\" class=\"wd-button-wrapper text-center inline-element\"><a href=\"https:\/\/forms.gle\/JcNrzgdejKEc3WrV8\" title=\"\" target=\"_blank\" class=\"btn btn-scheme-light btn-scheme-hover-dark btn-style-round btn-shape-rectangle btn-size-default btn-icon-pos-left\">IR AL FORMULARIO<span class=\"wd-btn-icon\"><span class=\"wd-icon far fa-file-alt\"><\/span><\/span><\/a><\/div>[\/vc_column][\/vc_row]<\/p>\n","protected":false},"excerpt":{"rendered":"<p>Queremos darte una mano para que tu situaci\u00f3n econ\u00f3mica no sea un impedimento para seguir prepar\u00e1ndote, y lograr tus objetivos, mediante:<\/p>\n<p><i class=\"fas fa-bullhorn\" style=\"color: black;\"><\/i> <strong><em><span style=\"color: #f58220;\">Sorteo de Becas para Talleres<\/span>.<\/em><\/strong><\/p>\n<p><i class=\"fas fa-bullhorn\" style=\"color: black;\"><\/i> <span style=\"color: #008e97;\"><strong><em>Progama Formate Hoy p\u00e1galo cuando trabajes, y sumate al Full Training.<\/em><\/strong><\/span><\/p>\n","protected":false},"featured_media":7764,"comment_status":"open","ping_status":"closed","template":"","meta":[],"product_cat":[15],"product_tag":[],"class_list":["post-7749","product","type-product","status-publish","has-post-thumbnail","hentry","product_cat-cursos"],"_links":{"self":[{"href":"https:\/\/projectar.net.ar\/cefede\/wp-json\/wp\/v2\/product\/7749","targetHints":{"allow":["GET"]}}],"collection":[{"href":"https:\/\/projectar.net.ar\/cefede\/wp-json\/wp\/v2\/product"}],"about":[{"href":"https:\/\/projectar.net.ar\/cefede\/wp-json\/wp\/v2\/types\/product"}],"replies":[{"embeddable":true,"href":"https:\/\/projectar.net.ar\/cefede\/wp-json\/wp\/v2\/comments?post=7749"}],"wp:featuredmedia":[{"embeddable":true,"href":"https:\/\/projectar.net.ar\/cefede\/wp-json\/wp\/v2\/media\/7764"}],"wp:attachment":[{"href":"https:\/\/projectar.net.ar\/cefede\/wp-json\/wp\/v2\/media?parent=7749"}],"wp:term":[{"taxonomy":"product_cat","embeddable":true,"href":"https:\/\/projectar.net.ar\/cefede\/wp-json\/wp\/v2\/product_cat?post=7749"},{"taxonomy":"product_tag","embeddable":true,"href":"https:\/\/projectar.net.ar\/cefede\/wp-json\/wp\/v2\/product_tag?post=7749"}],"curies":[{"name":"wp","href":"https:\/\/api.w.org\/{rel}","templated":true}]}}